{"id":7482,"date":"2018-10-10T13:28:57","date_gmt":"2018-10-10T11:28:57","guid":{"rendered":"http:\/\/jav\/news\/?page_id=7482"},"modified":"2019-05-22T09:55:57","modified_gmt":"2019-05-22T07:55:57","slug":"tournoi-multi-jeux-2018-2019","status":"publish","type":"page","link":"https:\/\/www.jeuxavolonte.asso.fr\/news\/tournoi-multi-jeux-2018-2019\/","title":{"rendered":"Tournoi multi-jeux 2018\/2019"},"content":{"rendered":"<div style=\"overflow: auto;\">\n<div id=\"tournoi\"><\/div><script type=\"text\/javascript\" src=\"\/ext\/jquery\/jquery.bracket.min.js\"><\/script><script type=\"text\/javascript\" src=\"\/javascript\/tournois\/2018.js\"><\/script><\/div>\n<p><a href=\"\/javascript\/tournois\/2018.html\" target=\"tournoi\">Version imprimable<\/a><\/p>\n<h2>R\u00e8glement:<\/h2>\n<p>Le vainqueur passe au tour suivant, le perdant est \u00e9limin\u00e9, il y aura peut-\u00eatre une consolante.<br \/>\nUne victoire s&rsquo;obtient en 2 partie gagnantes.<br \/>\nLe joueur du haut propose le premier jeu (et \u00e9ventuellement le troisi\u00e8me), l&rsquo;autre joueur le second jeu.<br \/>\nIl n&rsquo;est pas oblig\u00e9 de jouer \u00e0 un jeu \u00e0 deux. Le mieux class\u00e9 gagne la rencontre.<br \/>\nPour ceux qui souhaitent participer mais n&rsquo;\u00e9tant pas physiquement disponible il est possible de cr\u00e9er une partie sur <a href=\"http:\/\/www.boiteajeux.net\/\">Boite \u00e0 Jeux<\/a>.<\/p>\n<h2>Scores:<\/h2>\n<p>Les scores sont \u00e0 donner \u00e0 S\u00e9bastien lors de nos soir\u00e9e en sp\u00e9cifiant bien que la partie compte pour le tournoi OU BIEN vous pouvez les laisser en commentaire.<\/p>\n<h2>D\u00e9bat &amp; Pronostiques :<\/h2>\n<p>Tout \u00e7a se passera sur le <a href=\"\/forum\/viewtopic.php?f=4&amp;t=161\" target=\"forum\">Forum<\/a> (Quoi il y a un forum ???)<\/p>\n<h2>R\u00e9sultats<\/h2>\n<h3>16i\u00e8mes<\/h3>\n<h4>Sebastien 1 \/ Alexis 2<\/h4>\n<ol>\n<li>Azul: Victoire Alexis<\/li>\n<li>7 Wonders: Victoire S\u00e9bastien<\/li>\n<li>Jama\u00efca: Victoire Alexis<\/li>\n<\/ol>\n<h4>Emilie 2 \/ Florent 0<\/h4>\n<ol>\n<li>Pueblo: Victoire Emilie<\/li>\n<li>Las Vegas: Victoire Emilie<\/li>\n<\/ol>\n<h4>C\u00e9dric 2 \/ Jean-Brice 0<\/h4>\n<ol>\n<li>Flamme Rouge: Victoire C\u00e9dric<\/li>\n<li>Barony: Victoire C\u00e9dric<\/li>\n<\/ol>\n<h4>Beno\u00eet 1 \/ Philippe 2<\/h4>\n<ol>\n<li>Dicium: Victoire Beno\u00eet<\/li>\n<li>Victoire Philippe par forfait<\/li>\n<\/ol>\n<h4>Emmanuel 2 \/ Fran\u00e7ois 0<\/h4>\n<ol>\n<li>7 Wonders Duel: Victoire Emmanuel<\/li>\n<li>Seasons: Victoire Emmanuel<\/li>\n<\/ol>\n<h4>Sandie 2 \/ Jean-Baptiste 1<\/h4>\n<ol>\n<li>Pueblo: Victoire Sandie<\/li>\n<li>Las Vegas: Jean-Baptiste<\/li>\n<li>7 Wonders: Victoire Sandie<\/li>\n<\/ol>\n<h3>8i\u00e8mes<\/h3>\n<h4>Arnaud 1 \/ Olivier 2<\/h4>\n<ol>\n<li>Prehistory: Victoire Arnaud<\/li>\n<li>AuZtralia: Victoire Olivier<\/li>\n<li>Rockwell: Victoire Olivier<\/li>\n<\/ol>\n<h4>Pascal 2 \/ Alexis 0<\/h4>\n<ol>\n<li>Gugong: Victoire Pascal<\/li>\n<li>Kingdominio: Victoire Pascal<\/li>\n<\/ol>\n<h4>Patrick 0 \/ Nicolas 2<\/h4>\n<ol>\n<li>Cerb\u00e8re: Victoire Nicolas<\/li>\n<li>Century (golem): Victoire Nicolas<\/li>\n<\/ol>\n<h4>Lucien 3 \/ C\u00e9dric 2<\/h4>\n<ol>\n<li>Dragon Castle: Victoire C\u00e9drir<\/li>\n<li>Orbis: Victoire Lucien<\/li>\n<li>Solenia: Egalit\u00e9 Lucien &amp; C\u00e9dric<\/li>\n<li>Flamme Rouge: Victoire Lucien<\/li>\n<\/ol>\n<h4>Alexis_H 2 \/ Ana\u00eblle 1<\/h4>\n<ol>\n<li>Clans of Caledonio: Victoire Alexis_H<\/li>\n<li>Ad&rsquo;Astra: Victoire Ana\u00eblle<\/li>\n<li>Teotihuacan: Victoire Alexis_H<\/li>\n<\/ol>\n<h4>Rapha\u00ebl 1 \/ Philippe 2<\/h4>\n<ol>\n<li>Minerva: Victoire Raphael<\/li>\n<li>Web Spies: Victoire Philippe<\/li>\n<li>Santorini: Victoire Philippe<\/li>\n<\/ol>\n<h4>Emmanuel 2 \/ Sandie 0<\/h4>\n<ol>\n<li>7 Wonders Duel: Victoire Emmanuel<\/li>\n<li>Dominion: Victoire Emmanuel<\/li>\n<\/ol>\n<h3>Quart<\/h3>\n<h4>Olivier 2 \/ Nicolas 0<\/h4>\n<ol>\n<li>Teotihuacan: Victoire Olivier<\/li>\n<li>Nations: Victoire Olivier<\/li>\n<\/ol>\n","protected":false},"excerpt":{"rendered":"<p>Version imprimable R\u00e8glement: Le vainqueur passe au tour suivant, le perdant est \u00e9limin\u00e9, il y aura peut-\u00eatre une consolante. Une victoire s&rsquo;obtient en 2 partie gagnantes. Le joueur du haut propose le premier jeu (et \u00e9ventuellement le troisi\u00e8me), l&rsquo;autre joueur le second jeu. Il n&rsquo;est pas oblig\u00e9 de jouer \u00e0 un jeu \u00e0 deux. Le [&hellip;]<\/p>\n","protected":false},"author":2,"featured_media":0,"parent":0,"menu_order":0,"comment_status":"open","ping_status":"closed","template":"","meta":{"image":"","nb_joueurs":"","nb_parties":"","nb_photos":"","footnotes":""},"class_list":["post-7482","page","type-page","status-publish","hentry"],"_links":{"self":[{"href":"https:\/\/www.jeuxavolonte.asso.fr\/news\/wp-json\/wp\/v2\/pages\/7482","targetHints":{"allow":["GET"]}}],"collection":[{"href":"https:\/\/www.jeuxavolonte.asso.fr\/news\/wp-json\/wp\/v2\/pages"}],"about":[{"href":"https:\/\/www.jeuxavolonte.asso.fr\/news\/wp-json\/wp\/v2\/types\/page"}],"author":[{"embeddable":true,"href":"https:\/\/www.jeuxavolonte.asso.fr\/news\/wp-json\/wp\/v2\/users\/2"}],"replies":[{"embeddable":true,"href":"https:\/\/www.jeuxavolonte.asso.fr\/news\/wp-json\/wp\/v2\/comments?post=7482"}],"version-history":[{"count":0,"href":"https:\/\/www.jeuxavolonte.asso.fr\/news\/wp-json\/wp\/v2\/pages\/7482\/revisions"}],"wp:attachment":[{"href":"https:\/\/www.jeuxavolonte.asso.fr\/news\/wp-json\/wp\/v2\/media?parent=7482"}],"curies":[{"name":"wp","href":"https:\/\/api.w.org\/{rel}","templated":true}]}}