{"id":4,"date":"2007-04-17T11:32:35","date_gmt":"2007-04-17T09:32:35","guid":{"rendered":"http:\/\/jav\/news\/?page_id=10"},"modified":"2021-09-08T12:52:40","modified_gmt":"2021-09-08T10:52:40","slug":"adherer","status":"publish","type":"page","link":"https:\/\/www.jeuxavolonte.asso.fr\/news\/adherer\/","title":{"rendered":"Comment Adh\u00e9rer ?"},"content":{"rendered":"<h2>Inscription<\/h2>\n<p>Les membres de l&rsquo;association doivent s&rsquo;acquitter d&rsquo;une cotisation annuelle de 20 Euros. Celle-ci sert \u00e0 financer les frais de fonctionnement, les achats de nouveaux jeux et accessoires, l&rsquo;h\u00e9bergement du site web et les \u00e9v\u00e9nements exceptionnels.<\/p>\n<p>Avant d&rsquo;adh\u00e9rer vous pouvez bien \u00e9videmment venir jouer avec nous gratuitement pour voir si l&rsquo;ambiance vous convient.<\/p>\n<h2>Conditions d&rsquo;adh\u00e9sion<\/h2>\n<p>L&rsquo;association se r\u00e9unissant en nocturne, elle est r\u00e9serv\u00e9e aux adultes, mais recevra avec plaisir les mineurs accompagn\u00e9s d&rsquo;un parent l\u00e9galement responsable. L&rsquo;\u00e9ventail des membres est tr\u00e8s large, puisque leur \u00e2ge va actuellement de 20 \u00e0 60 ans environ !<\/p>\n<p>Toute adh\u00e9sion devra \u00eatre valid\u00e9e par le bureau.<\/p>\n<h2>Coordonn\u00e9es<\/h2>\n<p>Si vous souhaitez obtenir des informations suppl\u00e9mentaires, vous pouvez nous \u00e9crire \u00e0 l&rsquo;adresse <a href=\"mailto:infos@jeuxavolonte.asso.fr\">infos@jeuxavolonte.asso.fr<\/a><\/p>\n<p>Sinon, la meilleure fa\u00e7on d&rsquo;avoir des r\u00e9ponses est tout simplement de venir participer \u00e0 une de nos s\u00e9ances !<\/p>\n<h2>Pour en savoir plus<\/h2>\n<p><audio controls=\"controls\"><source src=\"\/documents\/mp3\/2019_05_11_BPM_VERNON.mp3\" type=\"audio\/mp3\">Votre navigateur n&rsquo;est pas compatible<\/audio><\/p>\n","protected":false},"excerpt":{"rendered":"<p>Inscription Les membres de l&rsquo;association doivent s&rsquo;acquitter d&rsquo;une cotisation annuelle de 20 Euros. Celle-ci sert \u00e0 financer les frais de fonctionnement, les achats de nouveaux jeux et accessoires, l&rsquo;h\u00e9bergement du site web et les \u00e9v\u00e9nements exceptionnels. Avant d&rsquo;adh\u00e9rer vous pouvez bien \u00e9videmment venir jouer avec nous gratuitement pour voir si l&rsquo;ambiance vous convient. Conditions d&rsquo;adh\u00e9sion [&hellip;]<\/p>\n","protected":false},"author":2,"featured_media":0,"parent":0,"menu_order":0,"comment_status":"open","ping_status":"open","template":"","meta":{"image":"","nb_joueurs":"","nb_parties":"","nb_photos":"","footnotes":""},"class_list":["post-4","page","type-page","status-publish","hentry"],"_links":{"self":[{"href":"https:\/\/www.jeuxavolonte.asso.fr\/news\/wp-json\/wp\/v2\/pages\/4","targetHints":{"allow":["GET"]}}],"collection":[{"href":"https:\/\/www.jeuxavolonte.asso.fr\/news\/wp-json\/wp\/v2\/pages"}],"about":[{"href":"https:\/\/www.jeuxavolonte.asso.fr\/news\/wp-json\/wp\/v2\/types\/page"}],"author":[{"embeddable":true,"href":"https:\/\/www.jeuxavolonte.asso.fr\/news\/wp-json\/wp\/v2\/users\/2"}],"replies":[{"embeddable":true,"href":"https:\/\/www.jeuxavolonte.asso.fr\/news\/wp-json\/wp\/v2\/comments?post=4"}],"version-history":[{"count":5,"href":"https:\/\/www.jeuxavolonte.asso.fr\/news\/wp-json\/wp\/v2\/pages\/4\/revisions"}],"predecessor-version":[{"id":9243,"href":"https:\/\/www.jeuxavolonte.asso.fr\/news\/wp-json\/wp\/v2\/pages\/4\/revisions\/9243"}],"wp:attachment":[{"href":"https:\/\/www.jeuxavolonte.asso.fr\/news\/wp-json\/wp\/v2\/media?parent=4"}],"curies":[{"name":"wp","href":"https:\/\/api.w.org\/{rel}","templated":true}]}}