{"id":270,"date":"2008-12-22T11:04:27","date_gmt":"2008-12-22T10:04:27","guid":{"rendered":"http:\/\/jav\/news\/?page_id=270"},"modified":"2013-07-27T15:53:52","modified_gmt":"2013-07-27T13:53:52","slug":"qui-sommes-nous","status":"publish","type":"page","link":"https:\/\/www.jeuxavolonte.asso.fr\/news\/qui-sommes-nous\/","title":{"rendered":"Qui sommes nous ?"},"content":{"rendered":"<p>Notre association, cr\u00e9\u00e9e en 2005, se r\u00e9unit tous les jeudi de 20h30 \u00e0 minuit \u00e0 l&rsquo;espace Bourbon Penthi\u00e8vre (Local pr\u00eat\u00e9 aux associations par la mairie). R\u00e9serv\u00e9e aux adultes, elle accueille cependant avec plaisir les adolescents accompagn\u00e9s d&rsquo;un parent.<\/p>\n<p><strong>JEUX A VOLONTE<\/strong> propose \u00e0 ses membres et aux invit\u00e9s plus de 2000 jeux diff\u00e9rents, poss\u00e9d\u00e9s par l&rsquo;association ou les joueurs qui les mettent amicalement \u00e0 disposition de tous. La ludoth\u00e8que compl\u00e8te est accessible en ligne \u00e0 partir de <a href=\"http:\/\/jav\/news\/ludotheque-association\/\">cette page<\/a>.<\/p>\n<p>Vous pouvez ainsi voir qui sont les propri\u00e9taires des jeux qui vous int\u00e9ressent, t\u00e9l\u00e9charger les r\u00e8gles, consulter les critiques des joueurs et les classements. Les membres peuvent en outre s\u00e9lectionner ce \u00e0 quoi ils aimeraient jouer lors de leur venue, et partager leur propre collection. Ils disposent aussi d&rsquo;un forum de discussion priv\u00e9.<\/p>\n<p>L&rsquo;adh\u00e9sion annuelle est de 20???. Elle permet de r\u00e9gler les frais d&rsquo;assurance, d&rsquo;organisation d&rsquo;\u00e9v\u00e9nements ponctuels (journ\u00e9e portes ouvertes, d\u00e9monstrations \u00e0 l&rsquo;espace Philippe-Auguste&#8230;) et d&rsquo;acheter \u00e9ventuellement de nouveaux jeux.<\/p>\n<p>Outre les r\u00e9unions hebdomadaires, les membres de <strong>JAV<\/strong> organisent r\u00e9guli\u00e8rement chez eux des soir\u00e9es et week-ends ludiques, parfois des rencontres avec d&rsquo;autres associations normandes.<\/p>\n<p>Pour plus d&rsquo;informations n&rsquo;h\u00e9sitez pas \u00e0 nous contacter \u00e0 l&rsquo;adresse : <a href=\"mailto:infos@jeuxavolonte.asso.fr\">infos@jeuxavolonte.asso.fr<\/a><\/p>\n<p>ou sur <a href=\"http:\/\/jav\/news\/adherer\/\">cette page<\/a>.<\/p>\n<p>Bienvenue chez <a href=\"http:\/\/www.jeuxavolonte.asso.fr\">JEUX A VOLONTE<\/a> !<\/p>\n","protected":false},"excerpt":{"rendered":"<p>Notre association, cr\u00e9\u00e9e en 2005, se r\u00e9unit tous les jeudi de 20h30 \u00e0 minuit \u00e0 l&rsquo;espace Bourbon Penthi\u00e8vre (Local pr\u00eat\u00e9 aux associations par la mairie). R\u00e9serv\u00e9e aux adultes, elle accueille cependant avec plaisir les adolescents accompagn\u00e9s d&rsquo;un parent. JEUX A VOLONTE propose \u00e0 ses membres et aux invit\u00e9s plus de 2000 jeux diff\u00e9rents, poss\u00e9d\u00e9s par [&hellip;]<\/p>\n","protected":false},"author":2,"featured_media":0,"parent":0,"menu_order":0,"comment_status":"closed","ping_status":"open","template":"","meta":{"image":"","nb_joueurs":"","nb_parties":"","nb_photos":"","footnotes":""},"class_list":["post-270","page","type-page","status-publish","hentry"],"_links":{"self":[{"href":"https:\/\/www.jeuxavolonte.asso.fr\/news\/wp-json\/wp\/v2\/pages\/270","targetHints":{"allow":["GET"]}}],"collection":[{"href":"https:\/\/www.jeuxavolonte.asso.fr\/news\/wp-json\/wp\/v2\/pages"}],"about":[{"href":"https:\/\/www.jeuxavolonte.asso.fr\/news\/wp-json\/wp\/v2\/types\/page"}],"author":[{"embeddable":true,"href":"https:\/\/www.jeuxavolonte.asso.fr\/news\/wp-json\/wp\/v2\/users\/2"}],"replies":[{"embeddable":true,"href":"https:\/\/www.jeuxavolonte.asso.fr\/news\/wp-json\/wp\/v2\/comments?post=270"}],"version-history":[{"count":0,"href":"https:\/\/www.jeuxavolonte.asso.fr\/news\/wp-json\/wp\/v2\/pages\/270\/revisions"}],"wp:attachment":[{"href":"https:\/\/www.jeuxavolonte.asso.fr\/news\/wp-json\/wp\/v2\/media?parent=270"}],"curies":[{"name":"wp","href":"https:\/\/api.w.org\/{rel}","templated":true}]}}